{"id":2,"date":"2020-11-21T11:46:35","date_gmt":"2020-11-21T10:46:35","guid":{"rendered":"http:\/\/luxandco-lighting.com\/?page_id=2"},"modified":"2021-12-01T20:49:27","modified_gmt":"2021-12-01T19:49:27","slug":"accueil","status":"publish","type":"page","link":"https:\/\/luxandco-lighting.com\/","title":{"rendered":"ACCUEIL"},"content":{"rendered":"<p>[vc_row full_width=\u00a0\u00bbstretch_row_content\u00a0\u00bb full_height=\u00a0\u00bbyes\u00a0\u00bb content_placement=\u00a0\u00bbmiddle\u00a0\u00bb parallax=\u00a0\u00bbcontent-moving\u00a0\u00bb parallax_image=\u00a0\u00bb467&Prime;][vc_column][\/vc_column][\/vc_row][vc_row full_width=\u00a0\u00bbstretch_row\u00a0\u00bb content_placement=\u00a0\u00bbmiddle\u00a0\u00bb el_id=\u00a0\u00bbTWEELUX\u00a0\u00bb css=\u00a0\u00bb.vc_custom_1606245169976{background-color: #ffffff !important;}\u00a0\u00bb font_color=\u00a0\u00bb#000000&Prime;][vc_column width=\u00a0\u00bb1\/2&Prime;][vc_custom_heading text=\u00a0\u00bbTWEELUX\u00a0\u00bb font_container=\u00a0\u00bbtag:h2|font_size:33|text_align:right\u00a0\u00bb use_theme_fonts=\u00a0\u00bbyes\u00a0\u00bb][vc_separator color=\u00a0\u00bbcustom\u00a0\u00bb align=\u00a0\u00bbalign_right\u00a0\u00bb border_width=\u00a0\u00bb2&Prime; el_width=\u00a0\u00bb50&Prime; accent_color=\u00a0\u00bb#999999&Prime;][vc_column_text]TWEELUX est une lampe de table sans fil et contr\u00f4lable \u00e0 distance en DMX via le protocole W-DMX ou via la\u00a0 t\u00e9l\u00e9commande d\u00e9di\u00e9e LUXANDCO-CONTROL.<\/p>\n<p>Elle est \u00e9quip\u00e9e d&rsquo;un abat-jour facilement personnalisable, r\u00e9tro\u00e9clair\u00e9 en deux zones dont les couleurs peuvent \u00eatres contr\u00f4l\u00e9es s\u00e9par\u00e9ment.<\/p>\n<p>Elle int\u00e8gre \u00e9galement un \u00e9clairage de table blanc chaud puissant capable d&rsquo;\u00e9clairer agr\u00e9ablement une table jusqu&rsquo;\u00e0 180cm de diam\u00e8tre.[\/vc_column_text][vc_btn title=\u00a0\u00bbCaract\u00e9ristiques techniques\u00a0\u00bb style=\u00a0\u00bboutline-custom\u00a0\u00bb outline_custom_color=\u00a0\u00bb#d8d8d8&Prime; outline_custom_hover_background=\u00a0\u00bb#c6c6c6&Prime; outline_custom_hover_text=\u00a0\u00bb#ffffff\u00a0\u00bb align=\u00a0\u00bbright\u00a0\u00bb link=\u00a0\u00bburl:http%3A%2F%2Fluxandco-lighting.com%2Findex.php%2Fcaracteristiquestweelux%2F|title:CARACT%C3%89RISTIQUES%20TWEELUX\u00a0\u00bb][\/vc_column][vc_column width=\u00a0\u00bb1\/2&Prime; css=\u00a0\u00bb.vc_custom_1606067009624{background-color: #ffffff !important;}\u00a0\u00bb][vc_single_image image=\u00a0\u00bb96&Prime; img_size=\u00a0\u00bblarge\u00a0\u00bb alignment=\u00a0\u00bbcenter\u00a0\u00bb][\/vc_column][\/vc_row][vc_row full_width=\u00a0\u00bbstretch_row_content\u00a0\u00bb full_height=\u00a0\u00bbyes\u00a0\u00bb content_placement=\u00a0\u00bbmiddle\u00a0\u00bb parallax=\u00a0\u00bbcontent-moving\u00a0\u00bb parallax_image=\u00a0\u00bb160&Prime;][vc_column][\/vc_column][\/vc_row][vc_row full_width=\u00a0\u00bbstretch_row\u00a0\u00bb rtl_reverse=\u00a0\u00bbyes\u00a0\u00bb content_placement=\u00a0\u00bbmiddle\u00a0\u00bb el_id=\u00a0\u00bbTWEELUX-UPKIT\u00a0\u00bb font_color=\u00a0\u00bb#000000&Prime; css=\u00a0\u00bb.vc_custom_1606086979506{background-color: #ffffff !important;}\u00a0\u00bb][vc_column width=\u00a0\u00bb1\/2&Prime;][vc_custom_heading text=\u00a0\u00bbTWEELUX-UPKIT\u00a0\u00bb font_container=\u00a0\u00bbtag:h2|font_size:33|text_align:right\u00a0\u00bb use_theme_fonts=\u00a0\u00bbyes\u00a0\u00bb][vc_separator color=\u00a0\u00bbcustom\u00a0\u00bb align=\u00a0\u00bbalign_right\u00a0\u00bb border_width=\u00a0\u00bb2&Prime; el_width=\u00a0\u00bb50&Prime; accent_color=\u00a0\u00bb#999999&Prime;][vc_column_text]TWEELUX-UPKIT est un ensemble de trois accessoires qui permet de transformer la lampe de table TWEELUX en lampe de salon.<\/p>\n<p>Il comprend un abat-jour grand mod\u00e8le, \u00e9galement personnalisable, ainsi qu&rsquo;un tube de rallonge et un coupleur qui permettent de passer la hauteur de la lampe de 80 cm \u00e0 150 cm.<\/p>\n<p>UPKIT permet ainsi d&rsquo;\u00e9largir consid\u00e9rablement le champ d&rsquo;application de la lampe TWEELUX.[\/vc_column_text][vc_btn title=\u00a0\u00bbCaract\u00e9ristiques techniques\u00a0\u00bb style=\u00a0\u00bboutline-custom\u00a0\u00bb outline_custom_color=\u00a0\u00bb#d8d8d8&Prime; outline_custom_hover_background=\u00a0\u00bb#c6c6c6&Prime; outline_custom_hover_text=\u00a0\u00bb#ffffff\u00a0\u00bb align=\u00a0\u00bbright\u00a0\u00bb link=\u00a0\u00bburl:http%3A%2F%2Fluxandco-lighting.com%2Findex.php%2Fcaracteristiquestweelux%2F|title:CARACT%C3%89RISTIQUES%20TWEELUX\u00a0\u00bb][\/vc_column][vc_column width=\u00a0\u00bb1\/2&Prime;][vc_single_image image=\u00a0\u00bb61&Prime; img_size=\u00a0\u00bblarge\u00a0\u00bb alignment=\u00a0\u00bbcenter\u00a0\u00bb][\/vc_column][\/vc_row][vc_row full_width=\u00a0\u00bbstretch_row_content\u00a0\u00bb full_height=\u00a0\u00bbyes\u00a0\u00bb content_placement=\u00a0\u00bbmiddle\u00a0\u00bb parallax=\u00a0\u00bbcontent-moving\u00a0\u00bb parallax_image=\u00a0\u00bb159&Prime;][vc_column][\/vc_column][\/vc_row][vc_row full_width=\u00a0\u00bbstretch_row\u00a0\u00bb content_placement=\u00a0\u00bbmiddle\u00a0\u00bb el_id=\u00a0\u00bbPERSONNALISATION\u00a0\u00bb font_color=\u00a0\u00bb#000000&Prime; css=\u00a0\u00bb.vc_custom_1606086988573{background-color: #ffffff !important;}\u00a0\u00bb][vc_column width=\u00a0\u00bb1\/2&Prime;][vc_custom_heading text=\u00a0\u00bbPERSONNALISATION\u00a0\u00bb font_container=\u00a0\u00bbtag:h2|font_size:33|text_align:right\u00a0\u00bb use_theme_fonts=\u00a0\u00bbyes\u00a0\u00bb][vc_separator color=\u00a0\u00bbcustom\u00a0\u00bb align=\u00a0\u00bbalign_right\u00a0\u00bb border_width=\u00a0\u00bb2&Prime; el_width=\u00a0\u00bb50&Prime; accent_color=\u00a0\u00bb#999999&Prime;][vc_column_text]Les lampes TWEELUX sont\u00a0 personnalisables simplement en ins\u00e9rant un film transparent imprim\u00e9 dans l&rsquo;abat-jour.<\/p>\n<p>Ces transparents sont imprim\u00e9s \u00e0 la demande \u00e0 partir de mod\u00e8les standards sur catalogue ou \u00e0 partir de cr\u00e9ations personnalis\u00e9es.<\/p>\n<p>Impression classique, d\u00e9coupe laser, effets mati\u00e8re ou brillance, de nombreuses techniques sont possibles pour exprimer votre identit\u00e9.[\/vc_column_text][\/vc_column][vc_column width=\u00a0\u00bb1\/2&Prime;]<div id=\"twenty20-1\" class=\"twenty20\" style=\"width: 100% !important; clear: both;\"><div class=\"twentytwenty-container twenty20-1 \"><img class=\"skip-lazy\" src=\"https:\/\/luxandco-lighting.com\/wp-content\/uploads\/2020\/11\/Automne.png\" alt=\"Lampe TWEELUX Automne\" title=\"Lampe TWEELUX Automne\" \/><img class=\"skip-lazy\" src=\"https:\/\/luxandco-lighting.com\/wp-content\/uploads\/2020\/11\/Dentelle.png\" alt=\"Lampe TWEELUX Dentelle\" title=\"Lampe TWEELUX Dentelle\" \/><\/div><script>jQuery(window).on(\"load\", function(){jQuery(\".twentytwenty-container.twenty20-1[data-orientation!='vertical']\").twentytwenty({default_offset_pct: 0.5});jQuery(\".twenty20-1 .twentytwenty-overlay\").hide();jQuery(\".twenty20-1 .twentytwenty-overlay\").hide();});<\/script><\/div>[\/vc_column][\/vc_row][vc_row full_width=\u00a0\u00bbstretch_row_content\u00a0\u00bb full_height=\u00a0\u00bbyes\u00a0\u00bb content_placement=\u00a0\u00bbmiddle\u00a0\u00bb parallax=\u00a0\u00bbcontent-moving\u00a0\u00bb parallax_image=\u00a0\u00bb157&Prime;][vc_column][\/vc_column][\/vc_row][vc_row full_width=\u00a0\u00bbstretch_row\u00a0\u00bb content_placement=\u00a0\u00bbmiddle\u00a0\u00bb el_id=\u00a0\u00bbUTILISATIONS\u00a0\u00bb font_color=\u00a0\u00bb#000000&Prime; css=\u00a0\u00bb.vc_custom_1606086996970{background-color: #ffffff !important;}\u00a0\u00bb][vc_column width=\u00a0\u00bb1\/2&Prime;][vc_custom_heading text=\u00a0\u00bbUTILISATIONS\u00a0\u00bb font_container=\u00a0\u00bbtag:h2|font_size:33|text_align:right\u00a0\u00bb use_theme_fonts=\u00a0\u00bbyes\u00a0\u00bb][vc_separator color=\u00a0\u00bbcustom\u00a0\u00bb align=\u00a0\u00bbalign_right\u00a0\u00bb border_width=\u00a0\u00bb2&Prime; el_width=\u00a0\u00bb50&Prime; accent_color=\u00a0\u00bb#999999&Prime;][vc_column_text]Organisateur d&rsquo;\u00e9v\u00e8nements, prestataire, traiteur, h\u00f4telier ou\u00a0 restaurateur, la lampe TWEELUX \u00e9clairera toutes vos tables en int\u00e9rieur comme en ext\u00e9rieur.<\/p>\n<p>Sa personnalisation s&rsquo;adaptera \u00e0 toutes vos ambiances et vous permettra de mettre votre visuel en avant. Mais vous pourrez aussi les utiliser en matrice pour des effets visuels originaux.<\/p>\n<p>TWEELUX ce n&rsquo;est pas qu&rsquo;une lampe, c&rsquo;est aussi un\u00a0 outil d&rsquo;animation pour dynamiser vos \u00e9v\u00e8nements. Indiquer la table d&rsquo;un laur\u00e9at, en tirer une au sort, ou r\u00e9partir des tables dans des \u00e9quipes diff\u00e9rentes, la seule limite sera votre imagination\u2026[\/vc_column_text][\/vc_column][vc_column width=\u00a0\u00bb1\/2&Prime;][vc_single_image image=\u00a0\u00bb105&Prime; img_size=\u00a0\u00bblarge\u00a0\u00bb alignment=\u00a0\u00bbcenter\u00a0\u00bb][\/vc_column][\/vc_row][vc_row full_width=\u00a0\u00bbstretch_row_content\u00a0\u00bb full_height=\u00a0\u00bbyes\u00a0\u00bb content_placement=\u00a0\u00bbmiddle\u00a0\u00bb parallax=\u00a0\u00bbcontent-moving\u00a0\u00bb parallax_image=\u00a0\u00bb158&Prime;][vc_column][\/vc_column][\/vc_row][vc_row full_width=\u00a0\u00bbstretch_row\u00a0\u00bb content_placement=\u00a0\u00bbmiddle\u00a0\u00bb el_id=\u00a0\u00bbTWEELUX-CASE\u00a0\u00bb font_color=\u00a0\u00bb#000000&Prime; css=\u00a0\u00bb.vc_custom_1606087004864{background-color: #ffffff !important;}\u00a0\u00bb][vc_column width=\u00a0\u00bb1\/2&Prime;][vc_custom_heading text=\u00a0\u00bbTWEELUX-CASE\u00a0\u00bb font_container=\u00a0\u00bbtag:h2|font_size:33|text_align:right\u00a0\u00bb use_theme_fonts=\u00a0\u00bbyes\u00a0\u00bb][vc_separator color=\u00a0\u00bbcustom\u00a0\u00bb align=\u00a0\u00bbalign_right\u00a0\u00bb border_width=\u00a0\u00bb2&Prime; el_width=\u00a0\u00bb50&Prime; accent_color=\u00a0\u00bb#999999&Prime;][vc_column_text]TWEELUX-CASE permet le stockage et le transport de 8 lampes TWEELUX dans leur version classique comme avec l&rsquo;option TWEELUX-UPKIT.<\/p>\n<p>Il int\u00e8gre un chargeur qui permet une recharge facile des 8 lampes et de v\u00e9rifier l&rsquo;\u00e9tat des batteries.<\/p>\n<p>Sa solidit\u00e9 et ses dimensions standardis\u00e9es faciliteront le transport en camion et la manutention des lampes tout en leur assurant une protection optimum.[\/vc_column_text][vc_btn title=\u00a0\u00bbCaract\u00e9ristiques techniques\u00a0\u00bb style=\u00a0\u00bboutline-custom\u00a0\u00bb outline_custom_color=\u00a0\u00bb#d8d8d8&Prime; outline_custom_hover_background=\u00a0\u00bb#c6c6c6&Prime; outline_custom_hover_text=\u00a0\u00bb#ffffff\u00a0\u00bb align=\u00a0\u00bbright\u00a0\u00bb link=\u00a0\u00bburl:http%3A%2F%2Fluxandco-lighting.com%2Findex.php%2Fcaracteristiques-tweelux-case%2F|title:CARACT%C3%89RISTIQUES%20TWEELUX-CASE\u00a0\u00bb][\/vc_column][vc_column width=\u00a0\u00bb1\/2&Prime;][vc_single_image image=\u00a0\u00bb108&Prime; img_size=\u00a0\u00bblarge\u00a0\u00bb alignment=\u00a0\u00bbcenter\u00a0\u00bb][\/vc_column][\/vc_row][vc_row full_width=\u00a0\u00bbstretch_row_content\u00a0\u00bb full_height=\u00a0\u00bbyes\u00a0\u00bb content_placement=\u00a0\u00bbmiddle\u00a0\u00bb parallax=\u00a0\u00bbcontent-moving\u00a0\u00bb parallax_image=\u00a0\u00bb161&Prime;][vc_column][\/vc_column][\/vc_row][vc_row full_width=\u00a0\u00bbstretch_row\u00a0\u00bb content_placement=\u00a0\u00bbmiddle\u00a0\u00bb disable_element=\u00a0\u00bbyes\u00a0\u00bb el_id=\u00a0\u00bbLUXANDCO-CONTROL\u00a0\u00bb font_color=\u00a0\u00bb#000000&Prime; css=\u00a0\u00bb.vc_custom_1606087013049{background-color: #ffffff !important;}\u00a0\u00bb][vc_column width=\u00a0\u00bb1\/2&Prime;][vc_custom_heading text=\u00a0\u00bbLUXANDCO-CONTROL\u00a0\u00bb font_container=\u00a0\u00bbtag:h2|font_size:33|text_align:right\u00a0\u00bb use_theme_fonts=\u00a0\u00bbyes\u00a0\u00bb][vc_separator color=\u00a0\u00bbcustom\u00a0\u00bb align=\u00a0\u00bbalign_right\u00a0\u00bb border_width=\u00a0\u00bb2&Prime; el_width=\u00a0\u00bb50&Prime; accent_color=\u00a0\u00bb#999999&Prime;][vc_column_text]LUXANDCO-CONTROL est une t\u00e9l\u00e9commande simple, ludique et efficace sp\u00e9cialement con\u00e7ue pour l&rsquo;ensemble des produits LUXANDCO.<\/p>\n<p>Mais c&rsquo;est \u00e9galement une t\u00e9l\u00e9commande capable de contr\u00f4ler n&rsquo;importe quel projecteurs autre projecteur \u00e9quip\u00e9s du standard W-DMX.<\/p>\n<p>Elle propose une interface moderne qui permet d&rsquo;agir sur les projecteurs en temps r\u00e9el, mais aussi de r\u00e9aliser quelques programmations simples pour faire s&rsquo;enchainer automatiquement divers ambiances.[\/vc_column_text][\/vc_column][vc_column width=\u00a0\u00bb1\/2&Prime;][vc_single_image image=\u00a0\u00bb105&Prime; img_size=\u00a0\u00bblarge\u00a0\u00bb alignment=\u00a0\u00bbcenter\u00a0\u00bb][\/vc_column][\/vc_row][vc_row full_width=\u00a0\u00bbstretch_row_content\u00a0\u00bb full_height=\u00a0\u00bbyes\u00a0\u00bb content_placement=\u00a0\u00bbmiddle\u00a0\u00bb parallax=\u00a0\u00bbcontent-moving\u00a0\u00bb parallax_image=\u00a0\u00bb163&Prime; disable_element=\u00a0\u00bbyes\u00a0\u00bb][vc_column][\/vc_column][\/vc_row][vc_row full_width=\u00a0\u00bbstretch_row_content\u00a0\u00bb content_placement=\u00a0\u00bbtop\u00a0\u00bb el_id=\u00a0\u00bbCONTACT\u00a0\u00bb css=\u00a0\u00bb.vc_custom_1606345958389{background-color: #ffffff !important;}\u00a0\u00bb][vc_column][vc_custom_heading text=\u00a0\u00bbDISTRIBUTEUR &amp; LOUEUR FRANCE\u00a0\u00bb font_container=\u00a0\u00bbtag:h2|font_size:20|text_align:center|color:%23000000&Prime; use_theme_fonts=\u00a0\u00bbyes\u00a0\u00bb][vc_column_text]<\/p>\n<p style=\"text-align: center;\"><strong>MUSIC PLUS<\/strong><br \/>\n20 rue Massenet<br \/>\n38400 Saint Martin d&rsquo;Heres<br \/>\n+33 476 627 272<br \/>\nFRANCE<br \/>\nolivier@musicplusgrenoble.fr<br \/>\nwww.musicplusgrenoble.fr<\/p>\n<p>[\/vc_column_text][\/vc_column][\/vc_row]<\/p>\n","protected":false},"excerpt":{"rendered":"<p>[vc_row full_width=\u00a0\u00bbstretch_row_content\u00a0\u00bb full_height=\u00a0\u00bbyes\u00a0\u00bb content_placement=\u00a0\u00bbmiddle\u00a0\u00bb parallax=\u00a0\u00bbcontent-moving\u00a0\u00bb parallax_image=\u00a0\u00bb467&Prime;][vc_column][\/vc_column][\/vc_row][vc_row full_width=\u00a0\u00bbstretch_row\u00a0\u00bb content_placement=\u00a0\u00bbmiddle\u00a0\u00bb el_id=\u00a0\u00bbTWEELUX\u00a0\u00bb css=\u00a0\u00bb.vc_custom_1606245169976{background-color: #ffffff !important;}\u00a0\u00bb font_color=\u00a0\u00bb#000000&Prime;][vc_column width=\u00a0\u00bb1\/2&Prime;][vc_custom_heading text=\u00a0\u00bbTWEELUX\u00a0\u00bb font_container=\u00a0\u00bbtag:h2|font_size:33|text_align:right\u00a0\u00bb use_theme_fonts=\u00a0\u00bbyes\u00a0\u00bb][vc_separator color=\u00a0\u00bbcustom\u00a0\u00bb align=\u00a0\u00bbalign_right\u00a0\u00bb border_width=\u00a0\u00bb2&Prime; el_width=\u00a0\u00bb50&Prime; accent_color=\u00a0\u00bb#999999&Prime;][vc_column_text]TWEELUX est une lampe de table sans fil et contr\u00f4lable \u00e0 distance en DMX via le protocole W-DMX ou via la\u00a0 t\u00e9l\u00e9commande d\u00e9di\u00e9e LUXANDCO-CONTROL. Elle est \u00e9quip\u00e9e d&rsquo;un abat-jour facilement personnalisable, r\u00e9tro\u00e9clair\u00e9 en deux [&hellip;]<\/p>\n","protected":false},"author":1,"featured_media":467,"parent":0,"menu_order":0,"comment_status":"closed","ping_status":"closed","template":"page-templates\/one-page.php","meta":[],"_links":{"self":[{"href":"https:\/\/luxandco-lighting.com\/index.php\/wp-json\/wp\/v2\/pages\/2"}],"collection":[{"href":"https:\/\/luxandco-lighting.com\/index.php\/wp-json\/wp\/v2\/pages"}],"about":[{"href":"https:\/\/luxandco-lighting.com\/index.php\/wp-json\/wp\/v2\/types\/page"}],"author":[{"embeddable":true,"href":"https:\/\/luxandco-lighting.com\/index.php\/wp-json\/wp\/v2\/users\/1"}],"replies":[{"embeddable":true,"href":"https:\/\/luxandco-lighting.com\/index.php\/wp-json\/wp\/v2\/comments?post=2"}],"version-history":[{"count":169,"href":"https:\/\/luxandco-lighting.com\/index.php\/wp-json\/wp\/v2\/pages\/2\/revisions"}],"predecessor-version":[{"id":500,"href":"https:\/\/luxandco-lighting.com\/index.php\/wp-json\/wp\/v2\/pages\/2\/revisions\/500"}],"wp:featuredmedia":[{"embeddable":true,"href":"https:\/\/luxandco-lighting.com\/index.php\/wp-json\/wp\/v2\/media\/467"}],"wp:attachment":[{"href":"https:\/\/luxandco-lighting.com\/index.php\/wp-json\/wp\/v2\/media?parent=2"}],"curies":[{"name":"wp","href":"https:\/\/api.w.org\/{rel}","templated":true}]}}